{"id":3382,"date":"2024-04-12T13:56:54","date_gmt":"2024-04-12T13:56:54","guid":{"rendered":"https:\/\/29017.web.zcom.it\/impressum\/"},"modified":"2024-07-25T08:51:17","modified_gmt":"2024-07-25T08:51:17","slug":"impressum","status":"publish","type":"page","link":"https:\/\/29017.web.zcom.it\/it\/impressum\/","title":{"rendered":"Impressum"},"content":{"rendered":"\t\t<div data-elementor-type=\"wp-page\" data-elementor-id=\"3382\" class=\"elementor elementor-3382 elementor-1552\" data-elementor-post-type=\"page\">\n\t\t\t\t\t\t<section class=\"elementor-section elementor-top-section elementor-element elementor-element-bea23b3 elementor-section-full_width elementor-section-height-min-height elementor-section-items-stretch elementor-section-stretched elementor-section-height-default\" data-id=\"bea23b3\" data-element_type=\"section\" data-settings=\"{&quot;stretch_section&quot;:&quot;section-stretched&quot;}\">\n\t\t\t\t\t\t<div class=\"elementor-container elementor-column-gap-no\">\n\t\t\t\t\t<div class=\"elementor-column elementor-col-50 elementor-top-column elementor-element elementor-element-a5e291c\" data-id=\"a5e291c\" data-element_type=\"column\">\n\t\t\t<div class=\"elementor-widget-wrap elementor-element-populated\">\n\t\t\t\t\t\t<div class=\"elementor-element elementor-element-aed8296 elementor-widget__width-initial elementor-absolute elementor-widget-tablet__width-initial animated-slow elementor-invisible elementor-widget elementor-widget-image\" data-id=\"aed8296\" data-element_type=\"widget\" data-settings=\"{&quot;_position&quot;:&quot;absolute&quot;,&quot;_animation&quot;:&quot;slideInDown&quot;,&quot;_animation_delay&quot;:500}\" data-widget_type=\"image.default\">\n\t\t\t\t<div class=\"elementor-widget-container\">\n\t\t\t<style>\/*! elementor - v3.23.0 - 05-08-2024 *\/\n.elementor-widget-image{text-align:center}.elementor-widget-image a{display:inline-block}.elementor-widget-image a img[src$=\".svg\"]{width:48px}.elementor-widget-image img{vertical-align:middle;display:inline-block}<\/style>\t\t\t\t\t\t\t\t\t\t<img decoding=\"async\" src=\"https:\/\/29017.web.zcom.it\/wp-content\/uploads\/2024\/03\/Rechtecke-gelb-schwarz.svg\" class=\"attachment-full size-full wp-image-217\" alt=\"\" \/>\t\t\t\t\t\t\t\t\t\t\t\t\t<\/div>\n\t\t\t\t<\/div>\n\t\t\t\t<div class=\"elementor-element elementor-element-b11b397 animated-slow elementor-invisible elementor-widget elementor-widget-heading\" data-id=\"b11b397\" data-element_type=\"widget\" data-settings=\"{&quot;_animation&quot;:&quot;fadeIn&quot;,&quot;_animation_delay&quot;:300}\" data-widget_type=\"heading.default\">\n\t\t\t\t<div class=\"elementor-widget-container\">\n\t\t\t<style>\/*! elementor - v3.23.0 - 05-08-2024 *\/\n.elementor-heading-title{padding:0;margin:0;line-height:1}.elementor-widget-heading .elementor-heading-title[class*=elementor-size-]>a{color:inherit;font-size:inherit;line-height:inherit}.elementor-widget-heading .elementor-heading-title.elementor-size-small{font-size:15px}.elementor-widget-heading .elementor-heading-title.elementor-size-medium{font-size:19px}.elementor-widget-heading .elementor-heading-title.elementor-size-large{font-size:29px}.elementor-widget-heading .elementor-heading-title.elementor-size-xl{font-size:39px}.elementor-widget-heading .elementor-heading-title.elementor-size-xxl{font-size:59px}<\/style><h1 class=\"elementor-heading-title elementor-size-default\">Impressum<\/h1>\t\t<\/div>\n\t\t\t\t<\/div>\n\t\t\t\t\t<\/div>\n\t\t<\/div>\n\t\t\t\t<div class=\"elementor-column elementor-col-50 elementor-top-column elementor-element elementor-element-084993e animated-slow elementor-invisible\" data-id=\"084993e\" data-element_type=\"column\" data-settings=\"{&quot;background_background&quot;:&quot;classic&quot;,&quot;animation&quot;:&quot;fadeIn&quot;}\">\n\t\t\t<div class=\"elementor-widget-wrap elementor-element-populated\">\n\t\t\t\t\t\t<div class=\"elementor-element elementor-element-5cc8458 elementor-widget elementor-widget-heading\" data-id=\"5cc8458\" data-element_type=\"widget\" data-widget_type=\"heading.default\">\n\t\t\t\t<div class=\"elementor-widget-container\">\n\t\t\t<h2 class=\"elementor-heading-title elementor-size-default\">Responsabile del contenuto<\/h2>\t\t<\/div>\n\t\t\t\t<\/div>\n\t\t\t\t<div class=\"elementor-element elementor-element-351f5b5 elementor-widget elementor-widget-text-editor\" data-id=\"351f5b5\" data-element_type=\"widget\" data-widget_type=\"text-editor.default\">\n\t\t\t\t<div class=\"elementor-widget-container\">\n\t\t\t<style>\/*! elementor - v3.23.0 - 05-08-2024 *\/\n.elementor-widget-text-editor.elementor-drop-cap-view-stacked .elementor-drop-cap{background-color:#69727d;color:#fff}.elementor-widget-text-editor.elementor-drop-cap-view-framed .elementor-drop-cap{color:#69727d;border:3px solid;background-color:transparent}.elementor-widget-text-editor:not(.elementor-drop-cap-view-default) .elementor-drop-cap{margin-top:8px}.elementor-widget-text-editor:not(.elementor-drop-cap-view-default) .elementor-drop-cap-letter{width:1em;height:1em}.elementor-widget-text-editor .elementor-drop-cap{float:left;text-align:center;line-height:1;font-size:50px}.elementor-widget-text-editor .elementor-drop-cap-letter{display:inline-block}<\/style>\t\t\t\t<p><strong>ARTE GmbH<\/strong><br \/>Via Esperanto 3<br \/>I-39100 Bolzano<br \/>t. <a href=\"tel:+390471050505\">+39 0471 050505<\/a><br \/>f. +39 0471 050500<br \/>P.IVA. IT01297620211<br \/>Codice SDI: 0000000<br \/><a href=\"mailto:info@arteobject.it\">info@arteobject.it<\/a><\/p>\n\t\t\t\t\t\t<\/div>\n\t\t\t\t<\/div>\n\t\t\t\t<div class=\"elementor-element elementor-element-5495c73 elementor-widget elementor-widget-heading\" data-id=\"5495c73\" data-element_type=\"widget\" data-widget_type=\"heading.default\">\n\t\t\t\t<div class=\"elementor-widget-container\">\n\t\t\t<h2 class=\"elementor-heading-title elementor-size-default\">Grafica, web design e programmazione<\/h2>\t\t<\/div>\n\t\t\t\t<\/div>\n\t\t\t\t<div class=\"elementor-element elementor-element-b0e1103 elementor-widget elementor-widget-text-editor\" data-id=\"b0e1103\" data-element_type=\"widget\" data-widget_type=\"text-editor.default\">\n\t\t\t\t<div class=\"elementor-widget-container\">\n\t\t\t\t\t\t\t<p><strong>BEYONDGREEN Srl<\/strong><br \/>Pillhof 51<br \/>I-39057 Appiano (BZ)<br \/>t. <a href=\"tel:+390471631576\">+39 0471 631576<\/a><br \/>m. <a href=\"tel:+393933000077\">+39 393 3000077<\/a><br \/><a href=\"mailto:info@beyondgreen.it\">info@beyondgreen.it<\/a><br \/><a href=\"http:\/\/www.beyondgreen.it\" target=\"_blank\" rel=\"noopener\">www.beyondgreen.it<\/a><\/p>\n\t\t\t\t\t\t<\/div>\n\t\t\t\t<\/div>\n\t\t\t\t<div class=\"elementor-element elementor-element-3d14fd1 elementor-widget elementor-widget-heading\" data-id=\"3d14fd1\" data-element_type=\"widget\" data-widget_type=\"heading.default\">\n\t\t\t\t<div class=\"elementor-widget-container\">\n\t\t\t<h2 class=\"elementor-heading-title elementor-size-default\">Responsabilit\u00e0 per i link<\/h2>\t\t<\/div>\n\t\t\t\t<\/div>\n\t\t\t\t<div class=\"elementor-element elementor-element-211fb58 elementor-widget elementor-widget-text-editor\" data-id=\"211fb58\" data-element_type=\"widget\" data-widget_type=\"text-editor.default\">\n\t\t\t\t<div class=\"elementor-widget-container\">\n\t\t\t\t\t\t\t<p>Nonostante l&#8217;attento controllo dei contenuti, non ci assumiamo alcuna responsabilit\u00e0 per il contenuto dei link esterni. I gestori delle pagine collegate sono gli unici responsabili del loro contenuto.<\/p>\n\t\t\t\t\t\t<\/div>\n\t\t\t\t<\/div>\n\t\t\t\t<div class=\"elementor-element elementor-element-7e73ed0 elementor-widget elementor-widget-heading\" data-id=\"7e73ed0\" data-element_type=\"widget\" data-widget_type=\"heading.default\">\n\t\t\t\t<div class=\"elementor-widget-container\">\n\t\t\t<h2 class=\"elementor-heading-title elementor-size-default\">Diritti d'autore<\/h2>\t\t<\/div>\n\t\t\t\t<\/div>\n\t\t\t\t<div class=\"elementor-element elementor-element-9b62cf6 elementor-widget elementor-widget-text-editor\" data-id=\"9b62cf6\" data-element_type=\"widget\" data-widget_type=\"text-editor.default\">\n\t\t\t\t<div class=\"elementor-widget-container\">\n\t\t\t\t\t\t\t<p>Il contenuto di questo sito web \u00e8 protetto da copyright. L&#8217;inserimento di contenuti e immagini di questo sito web in altri siti web \u00e8 consentito solo dietro espressa autorizzazione della redazione. Le informazioni contenute in questo sito web sono state redatte al meglio delle nostre conoscenze e verificate con la massima cura. Tuttavia, non si possono escludere completamente errori di contenuto e di fatto. N\u00e9 ARTE GmbH n\u00e9 Primosolution di Robert Huber si assumono alcuna garanzia o responsabilit\u00e0 per l&#8217;accuratezza, l&#8217;attualit\u00e0 e la completezza delle informazioni fornite. Tutte le informazioni sono senza garanzia. Questo vale anche per tutti i link ad altri URL citati sul nostro sito web.<\/p>\n\t\t\t\t\t\t<\/div>\n\t\t\t\t<\/div>\n\t\t\t\t\t<\/div>\n\t\t<\/div>\n\t\t\t\t\t<\/div>\n\t\t<\/section>\n\t\t\t\t<\/div>\n\t\t","protected":false},"excerpt":{"rendered":"<p>Impressum Responsabile del contenuto ARTE GmbHVia Esperanto 3I-39100 Bolzanot. +39 0471 050505f. +39 0471 050500P.IVA. IT01297620211Codice SDI: 0000000info@arteobject.it Grafica, web design e programmazione BEYONDGREEN SrlPillhof 51I-39057 Appiano (BZ)t. +39 0471 631576m. +39 393 3000077info@beyondgreen.itwww.beyondgreen.it Responsabilit\u00e0 per i link Nonostante l&#8217;attento controllo dei contenuti, non ci assumiamo alcuna responsabilit\u00e0 per il contenuto dei link esterni. I [&hellip;]<\/p>\n","protected":false},"author":1,"featured_media":88,"parent":0,"menu_order":0,"comment_status":"closed","ping_status":"closed","template":"","meta":{"footnotes":""},"class_list":["post-3382","page","type-page","status-publish","has-post-thumbnail","hentry"],"yoast_head":"<!-- This site is optimized with the Yoast SEO Premium plugin v23.1 (Yoast SEO v23.1) - https:\/\/yoast.com\/wordpress\/plugins\/seo\/ -->\n<title>Impressum - ARTE Object<\/title>\n<meta name=\"description\" content=\"Interior Design in Alto Adige che colpisce per la sua eleganza e funzionalit\u00e0. Ambienti personalizzati con pezzi di design dei migliori produttori.\" \/>\n<meta name=\"robots\" content=\"index, follow, max-snippet:-1, max-image-preview:large, max-video-preview:-1\" \/>\n<link rel=\"canonical\" href=\"https:\/\/29017.web.zcom.it\/it\/impressum\/\" \/>\n<meta property=\"og:locale\" content=\"it_IT\" \/>\n<meta property=\"og:type\" content=\"article\" \/>\n<meta property=\"og:title\" content=\"Impressum\" \/>\n<meta property=\"og:description\" content=\"Interior Design in Alto Adige che colpisce per la sua eleganza e funzionalit\u00e0. Ambienti personalizzati con pezzi di design dei migliori produttori.\" \/>\n<meta property=\"og:url\" content=\"https:\/\/29017.web.zcom.it\/it\/impressum\/\" \/>\n<meta property=\"og:site_name\" content=\"ARTE Object\" \/>\n<meta property=\"article:publisher\" content=\"https:\/\/www.facebook.com\/arteobjectinteriordesign\" \/>\n<meta property=\"article:modified_time\" content=\"2024-07-25T08:51:17+00:00\" \/>\n<meta name=\"twitter:card\" content=\"summary_large_image\" \/>\n<meta name=\"twitter:label1\" content=\"Tempo di lettura stimato\" \/>\n\t<meta name=\"twitter:data1\" content=\"1 minuto\" \/>\n<script type=\"application\/ld+json\" class=\"yoast-schema-graph\">{\"@context\":\"https:\/\/schema.org\",\"@graph\":[{\"@type\":\"WebPage\",\"@id\":\"https:\/\/29017.web.zcom.it\/it\/impressum\/\",\"url\":\"https:\/\/29017.web.zcom.it\/it\/impressum\/\",\"name\":\"Impressum - ARTE Object\",\"isPartOf\":{\"@id\":\"https:\/\/29017.web.zcom.it\/it\/#website\"},\"primaryImageOfPage\":{\"@id\":\"https:\/\/29017.web.zcom.it\/it\/impressum\/#primaryimage\"},\"image\":{\"@id\":\"https:\/\/29017.web.zcom.it\/it\/impressum\/#primaryimage\"},\"thumbnailUrl\":\"https:\/\/29017.web.zcom.it\/wp-content\/uploads\/2024\/03\/Arte-Favicon.svg\",\"datePublished\":\"2024-04-12T13:56:54+00:00\",\"dateModified\":\"2024-07-25T08:51:17+00:00\",\"description\":\"Interior Design in Alto Adige che colpisce per la sua eleganza e funzionalit\u00e0. Ambienti personalizzati con pezzi di design dei migliori produttori.\",\"breadcrumb\":{\"@id\":\"https:\/\/29017.web.zcom.it\/it\/impressum\/#breadcrumb\"},\"inLanguage\":\"it-IT\",\"potentialAction\":[{\"@type\":\"ReadAction\",\"target\":[\"https:\/\/29017.web.zcom.it\/it\/impressum\/\"]}]},{\"@type\":\"ImageObject\",\"inLanguage\":\"it-IT\",\"@id\":\"https:\/\/29017.web.zcom.it\/it\/impressum\/#primaryimage\",\"url\":\"https:\/\/29017.web.zcom.it\/wp-content\/uploads\/2024\/03\/Arte-Favicon.svg\",\"contentUrl\":\"https:\/\/29017.web.zcom.it\/wp-content\/uploads\/2024\/03\/Arte-Favicon.svg\"},{\"@type\":\"BreadcrumbList\",\"@id\":\"https:\/\/29017.web.zcom.it\/it\/impressum\/#breadcrumb\",\"itemListElement\":[{\"@type\":\"ListItem\",\"position\":1,\"name\":\"Startseite\",\"item\":\"https:\/\/29017.web.zcom.it\/it\/\"},{\"@type\":\"ListItem\",\"position\":2,\"name\":\"Impressum\"}]},{\"@type\":\"WebSite\",\"@id\":\"https:\/\/29017.web.zcom.it\/it\/#website\",\"url\":\"https:\/\/29017.web.zcom.it\/it\/\",\"name\":\"ARTE Object\",\"description\":\"\",\"publisher\":{\"@id\":\"https:\/\/29017.web.zcom.it\/it\/#organization\"},\"potentialAction\":[{\"@type\":\"SearchAction\",\"target\":{\"@type\":\"EntryPoint\",\"urlTemplate\":\"https:\/\/29017.web.zcom.it\/it\/?s={search_term_string}\"},\"query-input\":\"required name=search_term_string\"}],\"inLanguage\":\"it-IT\"},{\"@type\":\"Organization\",\"@id\":\"https:\/\/29017.web.zcom.it\/it\/#organization\",\"name\":\"ARTE Object\",\"url\":\"https:\/\/29017.web.zcom.it\/it\/\",\"logo\":{\"@type\":\"ImageObject\",\"inLanguage\":\"it-IT\",\"@id\":\"https:\/\/29017.web.zcom.it\/it\/#\/schema\/logo\/image\/\",\"url\":\"https:\/\/29017.web.zcom.it\/wp-content\/uploads\/2024\/03\/Arte-Logo.svg\",\"contentUrl\":\"https:\/\/29017.web.zcom.it\/wp-content\/uploads\/2024\/03\/Arte-Logo.svg\",\"width\":119,\"height\":48,\"caption\":\"ARTE Object\"},\"image\":{\"@id\":\"https:\/\/29017.web.zcom.it\/it\/#\/schema\/logo\/image\/\"},\"sameAs\":[\"https:\/\/www.facebook.com\/arteobjectinteriordesign\",\"https:\/\/www.instagram.com\/arte.object_interiordesign\/\"]}]}<\/script>\n<!-- \/ Yoast SEO Premium plugin. -->","yoast_head_json":{"title":"Impressum - ARTE Object","description":"Interior Design in Alto Adige che colpisce per la sua eleganza e funzionalit\u00e0. Ambienti personalizzati con pezzi di design dei migliori produttori.","robots":{"index":"index","follow":"follow","max-snippet":"max-snippet:-1","max-image-preview":"max-image-preview:large","max-video-preview":"max-video-preview:-1"},"canonical":"https:\/\/29017.web.zcom.it\/it\/impressum\/","og_locale":"it_IT","og_type":"article","og_title":"Impressum","og_description":"Interior Design in Alto Adige che colpisce per la sua eleganza e funzionalit\u00e0. Ambienti personalizzati con pezzi di design dei migliori produttori.","og_url":"https:\/\/29017.web.zcom.it\/it\/impressum\/","og_site_name":"ARTE Object","article_publisher":"https:\/\/www.facebook.com\/arteobjectinteriordesign","article_modified_time":"2024-07-25T08:51:17+00:00","twitter_card":"summary_large_image","twitter_misc":{"Tempo di lettura stimato":"1 minuto"},"schema":{"@context":"https:\/\/schema.org","@graph":[{"@type":"WebPage","@id":"https:\/\/29017.web.zcom.it\/it\/impressum\/","url":"https:\/\/29017.web.zcom.it\/it\/impressum\/","name":"Impressum - ARTE Object","isPartOf":{"@id":"https:\/\/29017.web.zcom.it\/it\/#website"},"primaryImageOfPage":{"@id":"https:\/\/29017.web.zcom.it\/it\/impressum\/#primaryimage"},"image":{"@id":"https:\/\/29017.web.zcom.it\/it\/impressum\/#primaryimage"},"thumbnailUrl":"https:\/\/29017.web.zcom.it\/wp-content\/uploads\/2024\/03\/Arte-Favicon.svg","datePublished":"2024-04-12T13:56:54+00:00","dateModified":"2024-07-25T08:51:17+00:00","description":"Interior Design in Alto Adige che colpisce per la sua eleganza e funzionalit\u00e0. Ambienti personalizzati con pezzi di design dei migliori produttori.","breadcrumb":{"@id":"https:\/\/29017.web.zcom.it\/it\/impressum\/#breadcrumb"},"inLanguage":"it-IT","potentialAction":[{"@type":"ReadAction","target":["https:\/\/29017.web.zcom.it\/it\/impressum\/"]}]},{"@type":"ImageObject","inLanguage":"it-IT","@id":"https:\/\/29017.web.zcom.it\/it\/impressum\/#primaryimage","url":"https:\/\/29017.web.zcom.it\/wp-content\/uploads\/2024\/03\/Arte-Favicon.svg","contentUrl":"https:\/\/29017.web.zcom.it\/wp-content\/uploads\/2024\/03\/Arte-Favicon.svg"},{"@type":"BreadcrumbList","@id":"https:\/\/29017.web.zcom.it\/it\/impressum\/#breadcrumb","itemListElement":[{"@type":"ListItem","position":1,"name":"Startseite","item":"https:\/\/29017.web.zcom.it\/it\/"},{"@type":"ListItem","position":2,"name":"Impressum"}]},{"@type":"WebSite","@id":"https:\/\/29017.web.zcom.it\/it\/#website","url":"https:\/\/29017.web.zcom.it\/it\/","name":"ARTE Object","description":"","publisher":{"@id":"https:\/\/29017.web.zcom.it\/it\/#organization"},"potentialAction":[{"@type":"SearchAction","target":{"@type":"EntryPoint","urlTemplate":"https:\/\/29017.web.zcom.it\/it\/?s={search_term_string}"},"query-input":"required name=search_term_string"}],"inLanguage":"it-IT"},{"@type":"Organization","@id":"https:\/\/29017.web.zcom.it\/it\/#organization","name":"ARTE Object","url":"https:\/\/29017.web.zcom.it\/it\/","logo":{"@type":"ImageObject","inLanguage":"it-IT","@id":"https:\/\/29017.web.zcom.it\/it\/#\/schema\/logo\/image\/","url":"https:\/\/29017.web.zcom.it\/wp-content\/uploads\/2024\/03\/Arte-Logo.svg","contentUrl":"https:\/\/29017.web.zcom.it\/wp-content\/uploads\/2024\/03\/Arte-Logo.svg","width":119,"height":48,"caption":"ARTE Object"},"image":{"@id":"https:\/\/29017.web.zcom.it\/it\/#\/schema\/logo\/image\/"},"sameAs":["https:\/\/www.facebook.com\/arteobjectinteriordesign","https:\/\/www.instagram.com\/arte.object_interiordesign\/"]}]}},"_links":{"self":[{"href":"https:\/\/29017.web.zcom.it\/it\/wp-json\/wp\/v2\/pages\/3382","targetHints":{"allow":["GET"]}}],"collection":[{"href":"https:\/\/29017.web.zcom.it\/it\/wp-json\/wp\/v2\/pages"}],"about":[{"href":"https:\/\/29017.web.zcom.it\/it\/wp-json\/wp\/v2\/types\/page"}],"author":[{"embeddable":true,"href":"https:\/\/29017.web.zcom.it\/it\/wp-json\/wp\/v2\/users\/1"}],"replies":[{"embeddable":true,"href":"https:\/\/29017.web.zcom.it\/it\/wp-json\/wp\/v2\/comments?post=3382"}],"version-history":[{"count":1,"href":"https:\/\/29017.web.zcom.it\/it\/wp-json\/wp\/v2\/pages\/3382\/revisions"}],"predecessor-version":[{"id":3383,"href":"https:\/\/29017.web.zcom.it\/it\/wp-json\/wp\/v2\/pages\/3382\/revisions\/3383"}],"wp:featuredmedia":[{"embeddable":true,"href":"https:\/\/29017.web.zcom.it\/it\/wp-json\/wp\/v2\/media\/88"}],"wp:attachment":[{"href":"https:\/\/29017.web.zcom.it\/it\/wp-json\/wp\/v2\/media?parent=3382"}],"curies":[{"name":"wp","href":"https:\/\/api.w.org\/{rel}","templated":true}]}}